{"id":3267,"date":"2015-07-06T08:33:48","date_gmt":"2015-07-06T08:33:48","guid":{"rendered":"https:\/\/www.iris-santorini.com\/?page_id=3267"},"modified":"2023-07-07T12:36:09","modified_gmt":"2023-07-07T12:36:09","slug":"contact-us","status":"publish","type":"page","link":"https:\/\/www.iris-santorini.com\/de\/contact-us\/","title":{"rendered":"Kontaktiere uns"},"content":{"rendered":"<div id=\"pl-3267\"  class=\"panel-layout\" ><div id=\"pg-3267-0\"  class=\"panel-grid panel-no-style\" ><div id=\"pgc-3267-0-0\"  class=\"panel-grid-cell\" ><div id=\"panel-3267-0-0-0\" class=\"so-panel widget widget_icon-box panel-first-child\" data-index=\"0\" ><div class=\"thim-widget-icon-box thim-widget-icon-box-base\"><div class=\"inner-box \"><div  class=\"wrapper-box-icon text-center   wrapper-line-heading\" ><div class=\"smicon-box iconbox-top\"><div class=\"content-inner\" ><div class=\"sc-heading article_heading\"><h2 class = \"heading__primary\" >Eine Nachricht schicken<\/h2><span class=\"line-heading\"><span><\/span><\/span><\/div><div class=\"desc-icon-box\"><div >K\u00f6nnen Sie uns dazu etwas sagen? Bitte z\u00f6gern Sie nicht, uns \u00fcber unser Kontaktformular zu kontaktieren.<\/div><\/div><\/div><\/div><!--end smicon-box--><\/div><\/div><\/div><\/div><div id=\"panel-3267-0-0-1\" class=\"so-panel widget widget_text panel-last-child\" data-index=\"1\" ><div class=\"panel-widget-style panel-widget-style-for-3267-0-0-1\" >\t\t\t<div class=\"textwidget\">\n<div class=\"wpcf7 no-js\" id=\"wpcf7-f3290-o1\" lang=\"en-US\" dir=\"ltr\" data-wpcf7-id=\"3290\">\n<div class=\"screen-reader-response\"><p role=\"status\" aria-live=\"polite\" aria-atomic=\"true\"><\/p> <ul><\/ul><\/div>\n<form action=\"\/de\/wp-json\/wp\/v2\/pages\/3267#wpcf7-f3290-o1\" method=\"post\" class=\"wpcf7-form init\" aria-label=\"Contact form\" novalidate=\"novalidate\" data-status=\"init\">\n<fieldset class=\"hidden-fields-container\"><input type=\"hidden\" name=\"_wpcf7\" value=\"3290\" \/><input type=\"hidden\" name=\"_wpcf7_version\" value=\"6.1.5\" \/><input type=\"hidden\" name=\"_wpcf7_locale\" value=\"en_US\" \/><input type=\"hidden\" name=\"_wpcf7_unit_tag\" value=\"wpcf7-f3290-o1\" \/><input type=\"hidden\" name=\"_wpcf7_container_post\" value=\"0\" \/><input type=\"hidden\" name=\"_wpcf7_posted_data_hash\" value=\"\" \/><input type=\"hidden\" name=\"_wpcf7_recaptcha_response\" value=\"\" \/>\n<\/fieldset>\n<p>Wenn Sie \u00fcber Ihre personenbezogenen Daten informiert werden m\u00f6chten, die auf der Grundlage der neuen europ\u00e4ischen Datenschutzverordnung (DSGVO) \u00fcber den Umgang mit personenbezogenen Daten von EU-B\u00fcrgern gespeichert sind, k\u00f6nnen Sie uns eine E-Mail senden.\n<\/p>\n<div class=\"row\">\n\t<div class=\"col-sm-6\">\n\t\t<p><span class=\"wpcf7-form-control-wrap\" data-name=\"your-name\"><input size=\"40\" maxlength=\"400\" class=\"wpcf7-form-control wpcf7-text wpcf7-validates-as-required\" aria-required=\"true\" aria-invalid=\"false\" placeholder=\"Voller Name\" value=\"\" type=\"text\" name=\"your-name\" \/><\/span>\n\t\t<\/p>\n\t<\/div>\n\t<div class=\"col-sm-6\">\n\t\t<p><span class=\"wpcf7-form-control-wrap\" data-name=\"your-email\"><input size=\"40\" maxlength=\"400\" class=\"wpcf7-form-control wpcf7-email wpcf7-validates-as-required wpcf7-text wpcf7-validates-as-email\" aria-required=\"true\" aria-invalid=\"false\" placeholder=\"Deine Emailadresse\" value=\"\" type=\"email\" name=\"your-email\" \/><\/span>\n\t\t<\/p>\n\t<\/div>\n<\/div>\n<div class=\"row\">\n\t<div class=\"col-sm-12\">\n\t\t<p><span class=\"wpcf7-form-control-wrap\" data-name=\"your-subject\"><input size=\"40\" maxlength=\"400\" class=\"wpcf7-form-control wpcf7-text wpcf7-validates-as-required\" aria-required=\"true\" aria-invalid=\"false\" placeholder=\"Betreff\" value=\"\" type=\"text\" name=\"your-subject\" \/><\/span>\n\t\t<\/p>\n\t<\/div>\n<\/div>\n<div class=\"row\">\n\t<div class=\"col-sm-12\">\n\t\t<p><span class=\"wpcf7-form-control-wrap\" data-name=\"your-message\"><textarea cols=\"40\" rows=\"10\" maxlength=\"2000\" class=\"wpcf7-form-control wpcf7-textarea wpcf7-validates-as-required\" aria-required=\"true\" aria-invalid=\"false\" placeholder=\"Deine Nachricht\" name=\"your-message\"><\/textarea><\/span>\n\t\t<\/p>\n\t<\/div>\n<\/div>\n<div class=\"row\">\n\t<div class=\"col-sm-12 my-acceptance\">\n\t\t<p><span class=\"wpcf7-form-control-wrap\" data-name=\"gdpr-acceptance\"><span class=\"wpcf7-form-control wpcf7-acceptance\"><span class=\"wpcf7-list-item\"><label><input type=\"checkbox\" name=\"gdpr-acceptance\" value=\"1\" aria-invalid=\"false\" \/><span class=\"wpcf7-list-item-label\">Bitte kreuzen Sie an, dass Ihre Daten in \u00dcbereinstimmung mit den Richtlinien der neuen Europ\u00e4ischen Datenschutzverordnung (DSGVO) zum Umgang mit personenbezogenen Daten von EU-B\u00fcrgern gespeichert werden sollen<\/span><\/label><\/span><\/span><\/span>\n\t\t<\/p>\n\t<\/div>\n<\/div>\n<div class=\"row\">\n\t<div class=\"col-sm-12\">\n\t<\/div>\n<\/div>\n<p><input class=\"wpcf7-form-control wpcf7-submit has-spinner\" type=\"submit\" value=\"Nachricht senden\" \/>\n<\/p><div class=\"wpcf7-response-output\" aria-hidden=\"true\"><\/div>\n<\/form>\n<\/div>\n\n<\/div>\n\t\t<\/div><\/div><\/div><div id=\"pgc-3267-0-1\"  class=\"panel-grid-cell\" ><div id=\"panel-3267-0-1-0\" class=\"so-panel widget widget_icon-box panel-first-child\" data-index=\"2\" ><div class=\"thim-widget-icon-box thim-widget-icon-box-base\"><div class=\"inner-box \"><div  class=\"wrapper-box-icon text-center   wrapper-line-heading\" ><div class=\"smicon-box iconbox-top\"><div class=\"content-inner\" ><div class=\"sc-heading article_heading\"><h2 class = \"heading__primary\" >Iris Hotel<\/h2><span class=\"line-heading\"><span><\/span><\/span><\/div><\/div><\/div><!--end smicon-box--><\/div><\/div><\/div><\/div><div id=\"panel-3267-0-1-1\" class=\"so-panel widget widget_icon-box\" data-index=\"3\" ><div class=\"panel-widget-style panel-widget-style-for-3267-0-1-1\" ><div class=\"thim-widget-icon-box thim-widget-icon-box-base\"><div class=\"inner-box \"><div  class=\"wrapper-box-icon text-left  \" ><div class=\"smicon-box iconbox-left\"><div class=\"boxes-icon\" style=\"width: 30px;height: 30px;\"><span class=\"inner-icon\"><span class=\"icon\"><i class=\"fa fa-map-marker\" style=\"color:#b19261; font-size:25px; line-height:25px; vertical-align: middle;\"><\/i><\/span><\/span><\/div><div class=\"content-inner\"  style=\"width: calc( 100% - 30px - 15px);\"><div class=\"desc-icon-box\"><div >Kamari, Santorini, Greece<\/div><\/div><\/div><\/div><!--end smicon-box--><\/div><\/div><\/div><\/div><\/div><div id=\"panel-3267-0-1-2\" class=\"so-panel widget widget_icon-box\" data-index=\"4\" ><div class=\"panel-widget-style panel-widget-style-for-3267-0-1-2\" ><div class=\"thim-widget-icon-box thim-widget-icon-box-base\"><div class=\"inner-box \"><div  class=\"wrapper-box-icon text-left  \" ><div class=\"smicon-box iconbox-left\"><div class=\"boxes-icon\" style=\"width: 30px;height: 30px;\"><span class=\"inner-icon\"><span class=\"icon\"><i class=\"fa fa-phone\" style=\"color:#b19261; font-size:25px; line-height:25px; vertical-align: middle;\"><\/i><\/span><\/span><\/div><div class=\"content-inner\"  style=\"width: calc( 100% - 30px - 15px);\"><div class=\"desc-icon-box\"><div >+30 22860 32233\n<\/div><\/div><\/div><\/div><!--end smicon-box--><\/div><\/div><\/div><\/div><\/div><div id=\"panel-3267-0-1-3\" class=\"so-panel widget widget_icon-box\" data-index=\"5\" ><div class=\"panel-widget-style panel-widget-style-for-3267-0-1-3\" ><div class=\"thim-widget-icon-box thim-widget-icon-box-base\"><div class=\"inner-box \"><div  class=\"wrapper-box-icon text-left  \" ><div class=\"smicon-box iconbox-left\"><div class=\"boxes-icon\" style=\"width: 30px;height: 30px;\"><span class=\"inner-icon\"><span class=\"icon\"><i class=\"fa fa-mobile-phone\" style=\"color:#b19261; font-size:25px; line-height:25px; vertical-align: middle;\"><\/i><\/span><\/span><\/div><div class=\"content-inner\"  style=\"width: calc( 100% - 30px - 15px);\"><div class=\"desc-icon-box\"><div >+30 6975300591\n<\/div><\/div><\/div><\/div><!--end smicon-box--><\/div><\/div><\/div><\/div><\/div><div id=\"panel-3267-0-1-4\" class=\"so-panel widget widget_icon-box\" data-index=\"6\" ><div class=\"thim-widget-icon-box thim-widget-icon-box-base\"><div class=\"inner-box \"><div  class=\"wrapper-box-icon text-center   wrapper-line-heading\" ><div class=\"smicon-box iconbox-top\"><div class=\"content-inner\" ><div class=\"sc-heading article_heading\"><h2 class = \"heading__primary\" >Folgen Sie uns <\/h2><span class=\"line-heading\"><span><\/span><\/span><\/div><\/div><\/div><!--end smicon-box--><\/div><\/div><\/div><\/div><div id=\"panel-3267-0-1-5\" class=\"so-panel widget widget_icon-box panel-last-child\" data-index=\"7\" ><div class=\"panel-widget-style panel-widget-style-for-3267-0-1-5\" ><div class=\"thim-widget-icon-box thim-widget-icon-box-base\"><div class=\"inner-box \"><div  class=\"wrapper-box-icon text-left  \" ><div class=\"smicon-box iconbox-left\"><div class=\"boxes-icon\" style=\"width: 30px;height: 30px;\"><a class=\"icon-box-link\" href=\"https:\/\/www.facebook.com\/IrisBoutiqueHotel\/\"><span class=\"inner-icon\"><span class=\"icon\"><i class=\"fa fa-facebook\" style=\"color:#b19261; font-size:30px; line-height:30px; vertical-align: middle;\"><\/i><\/span><\/span><\/a><\/div><div class=\"content-inner\"  style=\"width: calc( 100% - 30px - 15px);\"><\/div><\/div><!--end smicon-box--><\/div><\/div><\/div><\/div><\/div><\/div><\/div><div id=\"pg-3267-1\"  class=\"panel-grid panel-no-style\" ><div id=\"pgc-3267-1-0\"  class=\"panel-grid-cell\" ><div id=\"panel-3267-1-0-0\" class=\"so-panel widget widget_text panel-first-child panel-last-child\" data-index=\"8\" >\t\t\t<div class=\"textwidget\"><p><iframe style=\"border: 0;\" src=\"https:\/\/www.google.com\/maps\/embed?pb=!1m18!1m12!1m3!1d803.111386673065!2d25.480453316990594!3d36.37420677364048!2m3!1f0!2f0!3f0!3m2!1i1024!2i768!4f13.1!3m3!1m2!1s0x1499d1dc6598129f%3A0xcf98717ba623f2bf!2sKamari%20Town%2C%20Kamari%20847%2000!5e0!3m2!1sen!2sgr!4v1688732204578!5m2!1sen!2sgr\" width=\"100%\" allowfullscreen=\"allowfullscreen\"><\/iframe><\/p>\n<\/div>\n\t\t<\/div><\/div><\/div><\/div>","protected":false},"excerpt":{"rendered":"<p>Eine Nachricht schickenK\u00f6nnen Sie uns dazu etwas sagen? Bitte z\u00f6gern Sie nicht, uns \u00fcber unser Kontaktformular zu kontaktieren.\t\t\t<\/p>\n","protected":false},"author":3,"featured_media":0,"parent":0,"menu_order":0,"comment_status":"closed","ping_status":"closed","template":"","meta":{"footnotes":""},"class_list":["post-3267","page","type-page","status-publish","hentry"],"_links":{"self":[{"href":"https:\/\/www.iris-santorini.com\/de\/wp-json\/wp\/v2\/pages\/3267","targetHints":{"allow":["GET"]}}],"collection":[{"href":"https:\/\/www.iris-santorini.com\/de\/wp-json\/wp\/v2\/pages"}],"about":[{"href":"https:\/\/www.iris-santorini.com\/de\/wp-json\/wp\/v2\/types\/page"}],"author":[{"embeddable":true,"href":"https:\/\/www.iris-santorini.com\/de\/wp-json\/wp\/v2\/users\/3"}],"replies":[{"embeddable":true,"href":"https:\/\/www.iris-santorini.com\/de\/wp-json\/wp\/v2\/comments?post=3267"}],"version-history":[{"count":17,"href":"https:\/\/www.iris-santorini.com\/de\/wp-json\/wp\/v2\/pages\/3267\/revisions"}],"predecessor-version":[{"id":3513,"href":"https:\/\/www.iris-santorini.com\/de\/wp-json\/wp\/v2\/pages\/3267\/revisions\/3513"}],"wp:attachment":[{"href":"https:\/\/www.iris-santorini.com\/de\/wp-json\/wp\/v2\/media?parent=3267"}],"curies":[{"name":"wp","href":"https:\/\/api.w.org\/{rel}","templated":true}]}}