{"id":3295,"date":"2017-01-21T08:54:26","date_gmt":"2017-01-21T08:54:26","guid":{"rendered":"https:\/\/www.iris-santorini.com\/?page_id=3295"},"modified":"2025-06-05T09:24:13","modified_gmt":"2025-06-05T09:24:13","slug":"homepage","status":"publish","type":"page","link":"https:\/\/www.iris-santorini.com\/de\/","title":{"rendered":"Startseite"},"content":{"rendered":"<div id=\"pl-3295\"  class=\"panel-layout\" ><div id=\"pg-3295-0\"  class=\"panel-grid panel-has-style\" ><div class=\"siteorigin-panels-stretch panel-row-style panel-row-style-for-3295-0\" data-stretch-type=\"full-width-stretch\" ><div id=\"pgc-3295-0-0\"  class=\"panel-grid-cell\" ><div id=\"panel-3295-0-0-0\" class=\"so-panel widget widget_rev-slider-widget widget_revslider panel-first-child panel-last-child\" data-index=\"0\" ><\/div><\/div><\/div><\/div><div id=\"pg-3295-1\"  class=\"panel-grid panel-has-style\" ><div class=\"thim-bg-black-overlay siteorigin-panels-stretch panel-row-style panel-row-style-for-3295-1\" data-stretch-type=\"full\" ><div id=\"pgc-3295-1-0\"  class=\"panel-grid-cell\" ><div id=\"panel-3295-1-0-0\" class=\"widget_text so-panel widget widget_custom_html panel-first-child panel-last-child\" data-index=\"1\" ><div class=\"textwidget custom-html-widget\"><div class=\"my-form\" style=\"position: relative; height: 100px;\"><iframe style=\" border: none; position: absolute; max-width: 100%;\" src=\"https:\/\/irissantorini.reserve-online.net\/\/widgets\/embed\/?lang=en_GB&target=_blank&css=.ticker%2C%20%23step-1%20.avl-form%20%7B%20%20%20%20background%3A%20transparent%3B%0A%20%20%20%20background-image%3A%20none%3B%0A%20%20%20%20border%3A%201px%20solid%20transparent%3B%0A%7D%0A%0Abutton.prime%20%7B%0A%20%20%20%20border-color%3A%20%236d5a3b%3B%0A%20%20%20%20background-color%3A%20%23b19261%3B%0A%20%20%20%20color%3A%20%23f3f5fc%3B%0A%7D%0A%0Ainput.text%2C%20textarea%2C%20select%20%7B%0A%20%20%20%20color%3A%20%236d5a3b%3B%0A%20%20%20%20height%3A%2035px%3B%0A%7D%0A%0A.avl-form%20select%20%7B%0A%20%20%20%20min-width%3A%20180px%3B%0A%20%20%20%20max-width%3A%20180px%3B%0A%7D%0A%0A%0A.avl-form%20small%20%7B%0A%20%20%20%20color%3A%20%23fff%3B%0A%7D%0A%0A.avl-form%20li%20button%20%7B%0A%20%20%20%20margin%3A%2022px%200%200%200%3B%0A%20%20%20%20padding%3A%200px%2010px%3B%0A%20%20%20%20line-height%3A%2033px%3B%0A%7D%0A%0Abutton.prime%20%7B%0A%20%20%20%20border-color%3A%20%236d5a3b%3B%0A%20%20%20%20background-color%3A%20%23b19261%3B%0A%20%20%20%20color%3A%20%23f3f5fc%3B%0A%7D%0A%0Alabel.time%20.fa%2C%20label.date%20.fa%20%7B%0A%20%20%20%20line-height%3A%2033px%3B%0A%7D%0A%0A.avl-form%20label%20%7B%0A%20%20%20%20color%3A%20%23fff%3B%0A%7D\" width=1920 height=250 style=\"border:none\"><\/iframe><\/div><\/div><\/div><\/div><\/div><\/div><div id=\"pg-3295-2\"  class=\"panel-grid panel-has-style\" ><div class=\"thim-bg-black-overlay siteorigin-panels-stretch panel-row-style panel-row-style-for-3295-2\" data-stretch-type=\"full\" ><div id=\"pgc-3295-2-0\"  class=\"panel-grid-cell\" ><div id=\"panel-3295-2-0-0\" class=\"so-panel widget widget_hb_widget_search panel-first-child panel-last-child\" data-index=\"2\" ><div class=\"thim-search-room  thim-search-no-padding panel-widget-style panel-widget-style-for-3295-2-0-0\" ><div id=\"hotel-booking-search-69ecc0a9d9eab\" class=\"hotel-booking-search\">\r\n\t    <form name=\"hb-search-form\" action=\"https:\/\/www.iris-santorini.com\/de\/\" class=\"hb-search-form-69ecc0a9d9eaa\">\r\n        <ul class=\"hb-form-table\">\r\n            <li class=\"hb-form-field\">\r\n\t\t\t\t                <div class=\"hb-form-field-input hb_input_field\">\r\n                    <input type=\"text\" name=\"check_in_date\" id=\"check_in_date_69ecc0a9d9eaa\" class=\"hb_input_date_check\" value=\"\" placeholder=\"Arrival Date\" \/>\r\n                <\/div>\r\n            <\/li>\r\n\r\n            <li class=\"hb-form-field\">\r\n\t\t\t\t                <div class=\"hb-form-field-input hb_input_field\">\r\n                    <input type=\"text\" name=\"check_out_date\" id=\"check_out_date_69ecc0a9d9eaa\" class=\"hb_input_date_check\" value=\"\" placeholder=\"Departure Date\" \/>\r\n                <\/div>\r\n            <\/li>\r\n\r\n            <li class=\"hb-form-field\">\r\n\t\t\t\t                <div class=\"hb-form-field-input\">\r\n\t\t\t\t\t<select name=\"adults_capacity\" ><option value=\"0\">Adults<\/option><\/select>                <\/div>\r\n            <\/li>\r\n\r\n            <li class=\"hb-form-field\">\r\n\t\t\t\t                <div class=\"hb-form-field-input\">\r\n\t\t\t\t\t<select name=\"max_child\" ><option value=\"0\">Children<\/option><\/select>                <\/div>\r\n            <\/li>\r\n        <\/ul>\r\n\t\t<input type=\"hidden\" id=\"nonce\" name=\"nonce\" value=\"730dc0b483\" \/><input type=\"hidden\" name=\"_wp_http_referer\" value=\"\/de\/wp-json\/wp\/v2\/pages\/3295\" \/>        <input type=\"hidden\" name=\"hotel-booking\" value=\"results\" \/>\r\n        <input type=\"hidden\" name=\"action\" value=\"hotel_booking_parse_search_params\" \/>\r\n        <p class=\"hb-submit\">\r\n            <button type=\"submit\">Check Availability<\/button>\r\n        <\/p>\r\n    <\/form>\r\n<\/div><\/div><\/div><\/div><\/div><\/div><div id=\"pg-3295-3\"  class=\"panel-grid panel-no-style\" ><div id=\"pgc-3295-3-0\"  class=\"panel-grid-cell\" ><div id=\"panel-3295-3-0-0\" class=\"so-panel widget widget_text panel-first-child panel-last-child\" data-index=\"3\" ><div class=\"panel-widget-style panel-widget-style-for-3295-3-0-0\" >\t\t\t<div class=\"textwidget\"><h2 style=\"font-size:38px; text-align: center;\" >Iris Hotel Santorini<\/h2>\nDas IRIS HOTEL ist ein k\u00fcrzlich renoviertes Hotel im Zentrum vom Dorf Kamari, in unmittelbarer N\u00e4he zum Schwarzer Strand von Kamari. Das Hotel verf\u00fcgt \u00fcber 40 gem\u00fctliche Standard Doppelzimmer, ein kontinentales Fr\u00fchst\u00fccksbuffet, einen gro\u00dfen Swimmingpool mit Poolbar, der den ganzen Tag lang ge\u00f6ffnet ist, kostenfreies WLAN und eine 24-Stunden-Rezeption. Im Herzen des Dorfes Kamari bietet das Hotel ruhige und elegante Unterk\u00fcnfte. Alle Restaurants, Gesch\u00e4fte und Restaurants sind zu Fu\u00df erreichbar und der Strand ist nur 100 m entfernt. Es ist eine ideale B&B Unterkunft f\u00fcr Paare, Familien oder eine Gruppe von Freunden.\nAlle Hotelzimmer sind komplett renoviert und verf\u00fcgen \u00fcber ein eigenes Badezimmer mit Dusche, einen Mini-K\u00fchlschrank, eine Klimaanlage, einen Flachbild-TV, kostenfreies WLAN, ein Telefon, Bettw\u00e4sche und Handt\u00fccher sowie Pflegeprodukte. Bei Ihrer Ankunft erhalten Sie an der Hotelrezeption alle n\u00fctzlichen Informationen, um den besten Aufenthalt auf der Insel Santorini zu gew\u00e4hrleisten.\n<\/div>\n\t\t<\/div><\/div><\/div><\/div><div id=\"pg-3295-4\"  class=\"panel-grid panel-no-style\" ><div id=\"pgc-3295-4-0\"  class=\"panel-grid-cell\" ><div id=\"panel-3295-4-0-0\" class=\"so-panel widget widget_heading panel-first-child\" data-index=\"4\" ><div class=\"thim-widget-heading thim-widget-heading-base\"><div class=\"sc-heading article_heading wrapper-line-heading\"><h3 class=\"heading__primary\">Hotelzimmer<\/h3><p class=\"heading__secondary\">Iris Hotel<\/p><span class=\"line-heading\"><span><\/span><\/span><\/div><\/div><\/div><div id=\"panel-3295-4-0-1\" class=\"so-panel widget widget_hb_widget_carousel panel-last-child\" data-index=\"5\" ><div class=\"panel-widget-style panel-widget-style-for-3295-4-0-1\" ><div id=\"hotel_booking_slider_69ecc0a9dbbbb\" class=\"hb_room_carousel_container tp-hotel-booking\">\n        <!--navigation-->\n        <!--pagination-->\n        <!--text_link-->\n        <div class=\"hb_room_carousel\">\n        \r\n<ul class=\"rooms tp-hotel-booking hb-catalog-column-4\">\n        \n            \n\n<li id=\"room-3286\" class=\"post-3286 hb_room type-hb_room status-publish has-post-thumbnail hentry hb_room_type-double-room\">\n\n\t\n\t<div class=\"summary entry-summary\">\n\n\t\t<div class=\"media\">\n\t<a href=\"https:\/\/www.iris-santorini.com\/de\/rooms\/double-room-5\/\">\n\t\t<img loading=\"lazy\" decoding=\"async\" src=\"https:\/\/www.iris-santorini.com\/wp-content\/uploads\/2017\/01\/alitana-roomnewstd-270x270.jpg\" width=\"270\" height=\"270\" alt=\"\"\/>\t\t\t    <div class=\"price\">\r\n        <span class=\"title-price\">Price<\/span>\r\n\t\t\r\n            <span class=\"price_value price_min\">&euro;60.0<\/span>\r\n\r\n\t\t        <span class=\"unit\">Night<\/span>\r\n    <\/div>\r\n\t<\/a>\n<\/div><div class=\"title\">\r\n    <h4>\r\n        <a href=\"https:\/\/www.iris-santorini.com\/de\/rooms\/double-room-5\/\">Standard-Doppelzimmer<\/a>\r\n    <\/h4>\r\n<\/div>\r\n\n\t<\/div><!-- .summary -->\n\n\t\n<\/li>\n\n\n        \n            \n\n<li id=\"room-3287\" class=\"post-3287 hb_room type-hb_room status-publish has-post-thumbnail hentry hb_room_type-double-room\">\n\n\t\n\t<div class=\"summary entry-summary\">\n\n\t\t<div class=\"media\">\n\t<a href=\"https:\/\/www.iris-santorini.com\/de\/rooms\/double-room-4\/\">\n\t\t<img loading=\"lazy\" decoding=\"async\" src=\"https:\/\/www.iris-santorini.com\/wp-content\/uploads\/2017\/01\/Dbl-budgetnewecon-270x270.jpg\" width=\"270\" height=\"270\" alt=\"\"\/>\t\t\t    <div class=\"price\">\r\n        <span class=\"title-price\">Price<\/span>\r\n\t\t\r\n            <span class=\"price_value price_min\">&euro;48.0<\/span>\r\n\r\n\t\t        <span class=\"unit\">Night<\/span>\r\n    <\/div>\r\n\t<\/a>\n<\/div><div class=\"title\">\r\n    <h4>\r\n        <a href=\"https:\/\/www.iris-santorini.com\/de\/rooms\/double-room-4\/\">Economy Doppelzimmer<\/a>\r\n    <\/h4>\r\n<\/div>\r\n\n\t<\/div><!-- .summary -->\n\n\t\n<\/li>\n\n\n        \n        <\/ul>\r\n            <\/div>\n<\/div>\n<script type=\"text\/javascript\">\n    (function($){\n        \"use strict\";\n        $(document).ready(function(){\n            var thimpress_hotel_booking_carousel = $('#hotel_booking_slider_69ecc0a9dbbbb .hb_room_carousel .rooms');\n            thimpress_hotel_booking_carousel.owlCarousel({\n                navigation: true,\n                pagination: false,\n                items: 4,\n                itemsTablet: \t[768,2],\n                itemsMobile:\t[480,1],\n                paginationSpeed: 600,\n                slideSpeed: 600,\n                autoPlay: false,\n                stopOnHover: true\n            });\n            $('#hotel_booking_slider_69ecc0a9dbbbb .navigation .next').click(function(){\n                thimpress_hotel_booking_carousel.trigger('owl.next');\n            });\n            $('#hotel_booking_slider_69ecc0a9dbbbb .navigation .prev').click(function(){\n                thimpress_hotel_booking_carousel.trigger('owl.prev');\n            });\n        });\n    })(jQuery);\n<\/script><\/div><\/div><\/div><\/div><div id=\"pg-3295-5\"  class=\"panel-grid panel-has-style\" ><div class=\"panel-row-style panel-row-style-for-3295-5\" ><div id=\"pgc-3295-5-0\"  class=\"panel-grid-cell\" ><div id=\"panel-3295-5-0-0\" class=\"so-panel widget widget_heading panel-first-child panel-last-child\" data-index=\"6\" ><div class=\"thim-widget-heading thim-widget-heading-base\"><div class=\"sc-heading article_heading wrapper-line-heading\"><h3 class=\"heading__primary\">Unsere Dienstleistungen<\/h3><p class=\"heading__secondary\">Das Iris Hotel bietet alle Dienstleistungen, die Sie ben\u00f6tigen.<\/p><span class=\"line-heading\"><span><\/span><\/span><\/div><\/div><\/div><\/div><\/div><\/div><div id=\"pg-3295-6\"  class=\"panel-grid panel-has-style\" ><div class=\"panel-row-style panel-row-style-for-3295-6\" ><div id=\"pgc-3295-6-0\"  class=\"panel-grid-cell\" ><div id=\"panel-3295-6-0-0\" class=\"so-panel widget widget_icon-box panel-first-child panel-last-child\" data-index=\"7\" ><div class=\"thim-widget-icon-box thim-widget-icon-box-base\"><div class=\"inner-box \"><div  class=\"wrapper-box-icon has_custom_image text-center  \" ><div class=\"smicon-box iconbox-top\"><div class=\"boxes-icon\" style=\"width: 80px;height: 80px;\"><span class=\"inner-icon\"><span class=\"icon icon-images\"><img decoding=\"async\" src=\"https:\/\/www.iris-santorini.com\/wp-content\/uploads\/2015\/09\/swimming-pool-icon-png-3.png\" alt=\"Iris Hotel Rooms Santorini\" title=\"Iris Hotel Rooms Santorini\" ><\/span><\/span><\/div><div class=\"content-inner\" ><div class=\"sc-heading article_heading\"><h3 class = \"heading__primary\" >Schwimmbad <\/h3><\/div><div class=\"desc-icon-box\"><div >Kinderpool<br \/>\nKostenlose Sonnenliegen &#38; Sonnenschirme<\/div><\/div><\/div><\/div><!--end smicon-box--><\/div><\/div><\/div><\/div><\/div><div id=\"pgc-3295-6-1\"  class=\"panel-grid-cell\" ><div id=\"panel-3295-6-1-0\" class=\"so-panel widget widget_icon-box panel-first-child panel-last-child\" data-index=\"8\" ><div class=\"thim-widget-icon-box thim-widget-icon-box-base\"><div class=\"inner-box \"><div  class=\"wrapper-box-icon has_custom_image text-center  \" ><div class=\"smicon-box iconbox-top\"><div class=\"boxes-icon\" style=\"width: 80px;height: 80px;\"><span class=\"inner-icon\"><span class=\"icon icon-images\"><img decoding=\"async\" src=\"https:\/\/www.iris-santorini.com\/wp-content\/uploads\/2015\/09\/2000px-Aiga_bar.svg_.png\" alt=\"Accommodation Hotel Santorini\" title=\"Accommodation Hotel Santorini\" ><\/span><\/span><\/div><div class=\"content-inner\" ><div class=\"sc-heading article_heading\"><h3 class = \"heading__primary\" >Poolbar<\/h3><\/div><div class=\"desc-icon-box\"><div >Reiseschalter<br \/>\nAufenthaltsraum mit TV\n\n<\/div><\/div><\/div><\/div><!--end smicon-box--><\/div><\/div><\/div><\/div><\/div><div id=\"pgc-3295-6-2\"  class=\"panel-grid-cell\" ><div id=\"panel-3295-6-2-0\" class=\"so-panel widget widget_icon-box panel-first-child panel-last-child\" data-index=\"9\" ><div class=\"thim-widget-icon-box thim-widget-icon-box-base\"><div class=\"inner-box \"><div  class=\"wrapper-box-icon has_custom_image text-center  \" ><div class=\"smicon-box iconbox-top\"><div class=\"boxes-icon\" style=\"width: 80px;height: 80px;\"><span class=\"inner-icon\"><span class=\"icon icon-images\"><img decoding=\"async\" src=\"https:\/\/www.iris-santorini.com\/wp-content\/uploads\/2015\/09\/Wi-Fi-Free-Download-PNG.png\" alt=\"Iris Boutique Hotel Santorini\" title=\"Iris Boutique Hotel Santorini\" ><\/span><\/span><\/div><div class=\"content-inner\" ><div class=\"sc-heading article_heading\"><h3 class = \"heading__primary\" >WLAN<\/h3><\/div><div class=\"desc-icon-box\"><div >Kostenlos in allen Bereichen<br \/>\n24-Stunden-Rezeption<\/div><\/div><\/div><\/div><!--end smicon-box--><\/div><\/div><\/div><\/div><\/div><div id=\"pgc-3295-6-3\"  class=\"panel-grid-cell\" ><div id=\"panel-3295-6-3-0\" class=\"so-panel widget widget_icon-box panel-first-child panel-last-child\" data-index=\"10\" ><div class=\"thim-widget-icon-box thim-widget-icon-box-base\"><div class=\"inner-box \"><div  class=\"wrapper-box-icon has_custom_image text-center  \" ><div class=\"smicon-box iconbox-top\"><div class=\"boxes-icon\" style=\"width: 80px;height: 80px;\"><span class=\"inner-icon\"><span class=\"icon icon-images\"><img decoding=\"async\" src=\"https:\/\/www.iris-santorini.com\/wp-content\/uploads\/2015\/09\/parking-icon-png-10.png\" alt=\"Accommodation Hotel Iris Santorini\" title=\"Accommodation Hotel Iris Santorini\" ><\/span><\/span><\/div><div class=\"content-inner\" ><div class=\"sc-heading article_heading\"><h3 class = \"heading__primary\" >Parkplatz<\/h3><\/div><div class=\"desc-icon-box\"><div ><span style=\"font-size:14px\">\u00d6ffentlicher Parkplatz in 100m<\/span><br \/>\nBushaltestelle in 50m\n<\/div><\/div><\/div><\/div><!--end smicon-box--><\/div><\/div><\/div><\/div><\/div><\/div><\/div><\/div>","protected":false},"excerpt":{"rendered":"<p><\/p>\n","protected":false},"author":3,"featured_media":0,"parent":0,"menu_order":0,"comment_status":"closed","ping_status":"closed","template":"page-templates\/homepage.php","meta":{"footnotes":""},"class_list":["post-3295","page","type-page","status-publish","hentry"],"_links":{"self":[{"href":"https:\/\/www.iris-santorini.com\/de\/wp-json\/wp\/v2\/pages\/3295","targetHints":{"allow":["GET"]}}],"collection":[{"href":"https:\/\/www.iris-santorini.com\/de\/wp-json\/wp\/v2\/pages"}],"about":[{"href":"https:\/\/www.iris-santorini.com\/de\/wp-json\/wp\/v2\/types\/page"}],"author":[{"embeddable":true,"href":"https:\/\/www.iris-santorini.com\/de\/wp-json\/wp\/v2\/users\/3"}],"replies":[{"embeddable":true,"href":"https:\/\/www.iris-santorini.com\/de\/wp-json\/wp\/v2\/comments?post=3295"}],"version-history":[{"count":50,"href":"https:\/\/www.iris-santorini.com\/de\/wp-json\/wp\/v2\/pages\/3295\/revisions"}],"predecessor-version":[{"id":3601,"href":"https:\/\/www.iris-santorini.com\/de\/wp-json\/wp\/v2\/pages\/3295\/revisions\/3601"}],"wp:attachment":[{"href":"https:\/\/www.iris-santorini.com\/de\/wp-json\/wp\/v2\/media?parent=3295"}],"curies":[{"name":"wp","href":"https:\/\/api.w.org\/{rel}","templated":true}]}}